{"id":34547,"date":"2022-11-09T23:37:01","date_gmt":"2022-11-09T22:37:01","guid":{"rendered":"https:\/\/abelmicheletti.com\/abel-micheletti-2\/"},"modified":"2026-03-23T13:08:31","modified_gmt":"2026-03-23T12:08:31","slug":"abel-micheletti-2","status":"publish","type":"page","link":"https:\/\/abelmicheletti.com\/en\/abel-micheletti-2\/","title":{"rendered":"ABEL&#8217;S STORY"},"content":{"rendered":"\t\t<div data-elementor-type=\"wp-page\" data-elementor-id=\"34547\" class=\"elementor elementor-34547\" data-elementor-post-type=\"page\">\n\t\t\t\t\t\t<section class=\"elementor-section elementor-top-section elementor-element elementor-element-d537ee3 elementor-section-height-min-height elementor-section-boxed elementor-section-height-default elementor-section-items-middle\" data-id=\"d537ee3\" data-element_type=\"section\" data-e-type=\"section\" data-settings=\"{&quot;jet_parallax_layout_list&quot;:[],&quot;background_background&quot;:&quot;classic&quot;}\">\n\t\t\t\t\t\t\t<div class=\"elementor-background-overlay\"><\/div>\n\t\t\t\t\t\t\t<div class=\"elementor-container elementor-column-gap-no\">\n\t\t\t\t\t<div class=\"elementor-column elementor-col-100 elementor-top-column elementor-element elementor-element-7de77f1\" data-id=\"7de77f1\" data-element_type=\"column\" data-e-type=\"column\">\n\t\t\t<div class=\"elementor-widget-wrap elementor-element-populated\">\n\t\t\t\t\t\t<div class=\"elementor-element elementor-element-44ad205 elementor-widget elementor-widget-heading\" data-id=\"44ad205\" data-element_type=\"widget\" data-e-type=\"widget\" data-widget_type=\"heading.default\">\n\t\t\t\t<div class=\"elementor-widget-container\">\n\t\t\t\t\t<h1 class=\"elementor-heading-title elementor-size-default\">Story of several lives<\/h1>\t\t\t\t<\/div>\n\t\t\t\t<\/div>\n\t\t\t\t<div class=\"elementor-element elementor-element-dca822d elementor-widget elementor-widget-heading\" data-id=\"dca822d\" data-element_type=\"widget\" data-e-type=\"widget\" data-widget_type=\"heading.default\">\n\t\t\t\t<div class=\"elementor-widget-container\">\n\t\t\t\t\t<h3 class=\"elementor-heading-title elementor-size-default\">Abel \"The Stoic\"<\/h3>\t\t\t\t<\/div>\n\t\t\t\t<\/div>\n\t\t\t\t\t<\/div>\n\t\t<\/div>\n\t\t\t\t\t<\/div>\n\t\t<\/section>\n\t\t\t\t<section class=\"elementor-section elementor-top-section elementor-element elementor-element-566197e elementor-section-boxed elementor-section-height-default elementor-section-height-default\" data-id=\"566197e\" data-element_type=\"section\" data-e-type=\"section\" data-settings=\"{&quot;jet_parallax_layout_list&quot;:[]}\">\n\t\t\t\t\t\t\t<div class=\"elementor-background-overlay\"><\/div>\n\t\t\t\t\t\t\t<div class=\"elementor-container elementor-column-gap-no\">\n\t\t\t\t\t<div class=\"elementor-column elementor-col-100 elementor-top-column elementor-element elementor-element-6c0e4ac\" data-id=\"6c0e4ac\" data-element_type=\"column\" data-e-type=\"column\">\n\t\t\t<div class=\"elementor-widget-wrap elementor-element-populated\">\n\t\t\t\t\t\t<div class=\"elementor-element elementor-element-67628cb elementor-widget__width-initial elementor-widget elementor-widget-heading\" data-id=\"67628cb\" data-element_type=\"widget\" data-e-type=\"widget\" data-widget_type=\"heading.default\">\n\t\t\t\t<div class=\"elementor-widget-container\">\n\t\t\t\t\t<h2 class=\"elementor-heading-title elementor-size-default\">HISTORY OF THE IMMIGRANT FORGED IN FIRE\n<\/h2>\t\t\t\t<\/div>\n\t\t\t\t<\/div>\n\t\t\t\t<div class=\"elementor-element elementor-element-c20b359 elementor-widget elementor-widget-text-editor\" data-id=\"c20b359\" data-element_type=\"widget\" data-e-type=\"widget\" data-widget_type=\"text-editor.default\">\n\t\t\t\t<div class=\"elementor-widget-container\">\n\t\t\t\t\t\t\t\t\t<p>Year 2026.<\/p><p><strong>Everything changes.<\/strong><\/p><p>The world is changing rapidly.<\/p><p><strong><em>And I, at 76, am changing too.<\/em><\/strong><\/p><p>I&#8217;ve managed to shed the old self that had taken root inside me and I&#8217;ve become young again (mentally speaking), and I&#8217;m starting a new chapter with great enthusiasm.<\/p><p>To that end, I&#8217;m <em><strong>offering all my experience<\/strong> <\/em>and my new philosophy of life to anyone who wants to benefit from it.<\/p><p>Take advantage of it.<\/p>\t\t\t\t\t\t\t\t<\/div>\n\t\t\t\t<\/div>\n\t\t\t\t\t<\/div>\n\t\t<\/div>\n\t\t\t\t\t<\/div>\n\t\t<\/section>\n\t\t\t\t<section class=\"elementor-section elementor-top-section elementor-element elementor-element-ce7822a elementor-section-boxed elementor-section-height-default elementor-section-height-default\" data-id=\"ce7822a\" data-element_type=\"section\" data-e-type=\"section\" data-settings=\"{&quot;jet_parallax_layout_list&quot;:[]}\">\n\t\t\t\t\t\t<div class=\"elementor-container elementor-column-gap-no\">\n\t\t\t\t\t<div class=\"elementor-column elementor-col-50 elementor-top-column elementor-element elementor-element-f3d112a\" data-id=\"f3d112a\" data-element_type=\"column\" data-e-type=\"column\">\n\t\t\t<div class=\"elementor-widget-wrap elementor-element-populated\">\n\t\t\t\t\t\t<div class=\"elementor-element elementor-element-18d6030 elementor-widget elementor-widget-image\" data-id=\"18d6030\" data-element_type=\"widget\" data-e-type=\"widget\" data-widget_type=\"image.default\">\n\t\t\t\t<div class=\"elementor-widget-container\">\n\t\t\t\t\t\t\t\t\t\t\t\t\t\t\t<img decoding=\"async\" src=\"https:\/\/abelmicheletti.com\/wp-content\/uploads\/elementor\/thumbs\/20250331_194128-r45ed2lcnssf0vcem98v73qhb5m3qbdv4ak7w5k29c.jpg\" title=\"20250331_194128\" alt=\"20250331_194128\" loading=\"lazy\" \/>\t\t\t\t\t\t\t\t\t\t\t\t\t\t\t<\/div>\n\t\t\t\t<\/div>\n\t\t\t\t<div class=\"elementor-element elementor-element-974196e elementor-widget elementor-widget-image\" data-id=\"974196e\" data-element_type=\"widget\" data-e-type=\"widget\" data-widget_type=\"image.default\">\n\t\t\t\t<div class=\"elementor-widget-container\">\n\t\t\t\t\t\t\t\t\t\t\t\t\t\t\t<img decoding=\"async\" src=\"https:\/\/abelmicheletti.com\/wp-content\/uploads\/elementor\/thumbs\/abel-micheletti-high-resolution-logo_renamed_12909-qnq2dbbunn3r8p9r22sdlu5ww4qqx1iec2nz8wo4mo.jpg\" title=\"abel-micheletti-high-resolution-logo_renamed_12909\" alt=\"abel-micheletti-high-resolution-logo_renamed_12909\" loading=\"lazy\" \/>\t\t\t\t\t\t\t\t\t\t\t\t\t\t\t<\/div>\n\t\t\t\t<\/div>\n\t\t\t\t\t<\/div>\n\t\t<\/div>\n\t\t\t\t<div class=\"elementor-column elementor-col-50 elementor-top-column elementor-element elementor-element-2640225\" data-id=\"2640225\" data-element_type=\"column\" data-e-type=\"column\">\n\t\t\t<div class=\"elementor-widget-wrap elementor-element-populated\">\n\t\t\t\t\t\t<div class=\"elementor-element elementor-element-2f3c1a7 elementor-widget__width-initial elementor-widget elementor-widget-heading\" data-id=\"2f3c1a7\" data-element_type=\"widget\" data-e-type=\"widget\" data-widget_type=\"heading.default\">\n\t\t\t\t<div class=\"elementor-widget-container\">\n\t\t\t\t\t<h2 class=\"elementor-heading-title elementor-size-default\">A STORY OF VALUE<\/h2>\t\t\t\t<\/div>\n\t\t\t\t<\/div>\n\t\t\t\t<div class=\"elementor-element elementor-element-57d752b elementor-widget elementor-widget-heading\" data-id=\"57d752b\" data-element_type=\"widget\" data-e-type=\"widget\" data-widget_type=\"heading.default\">\n\t\t\t\t<div class=\"elementor-widget-container\">\n\t\t\t\t\t<h2 class=\"elementor-heading-title elementor-size-default\">I was born in La Plata, Argentina<\/h2>\t\t\t\t<\/div>\n\t\t\t\t<\/div>\n\t\t\t\t<div class=\"elementor-element elementor-element-55a6a1e elementor-widget elementor-widget-text-editor\" data-id=\"55a6a1e\" data-element_type=\"widget\" data-e-type=\"widget\" data-widget_type=\"text-editor.default\">\n\t\t\t\t<div class=\"elementor-widget-container\">\n\t\t\t\t\t\t\t\t\t<p>My father was Italian and my mother was Argentinian.<\/p><p>He had a doctorate in Pharmacy, Biochemistry, and Medicine.<\/p><p>She was a Professor of Fine Arts and a painter.<\/p><p>I grew up and was educated there until I was 25, <strong>surrounded by scientists and artists.<\/strong><\/p><p>I studied Mechanical Engineering, and since math wasn&#8217;t my strong suit, I became a medical representative for Abbott Laboratories.<\/p><p>When I was doing well, I left everything: home, family, and job, to embark on an adventure\u2026<\/p><p><img fetchpriority=\"high\" decoding=\"async\" class=\"wp-image-48448 aligncenter\" src=\"https:\/\/abelmicheletti.com\/wp-content\/uploads\/IMG20260308171511.jpg\" alt=\"\" width=\"220\" height=\"392\" title=\"\"><\/p><p><em>From Argentina to Europe with no money and only a few phone numbers.<\/em><\/p><p>I arrived in Barcelona and from there began a journey of almost two years, during which I lived and worked various jobs in Barcelona, \u200b\u200bMallorca, Vigo, Stockholm, and Milan before finally settling in Madrid.<\/p><p>That&#8217;s where I met my first wife<\/p><p><img decoding=\"async\" class=\"wp-image-48450 aligncenter\" src=\"https:\/\/abelmicheletti.com\/wp-content\/uploads\/IMG20260308171355-rotated.jpg\" alt=\"\" width=\"244\" height=\"137\" title=\"\" srcset=\"https:\/\/abelmicheletti.com\/wp-content\/uploads\/IMG20260308171355-rotated.jpg 895w, https:\/\/abelmicheletti.com\/wp-content\/uploads\/IMG20260308171355-768x432.jpg 768w\" sizes=\"(max-width: 244px) 100vw, 244px\" \/><\/p><p>There, I began my career in the fashion world <strong>as a model for the Maroe Agency<\/strong>, walking in several shows for major brands such as <em><strong>Jes\u00fas del Pozo, Givenchy, El Corte Ingl\u00e9s, and others.<\/strong><\/em><\/p><p><img decoding=\"async\" class=\"wp-image-44161 aligncenter\" src=\"https:\/\/abelmicheletti.com\/wp-content\/uploads\/20250410_125529-rotated.jpg\" alt=\"\" width=\"220\" height=\"293\" title=\"\"><\/p><p>While continuing to practice my favorite sport: <em><strong>Taekwondo<\/strong><\/em><\/p><p><img loading=\"lazy\" decoding=\"async\" class=\"wp-image-44179 aligncenter\" src=\"https:\/\/abelmicheletti.com\/wp-content\/uploads\/20250331_194009.jpg\" alt=\"\" width=\"224\" height=\"143\" title=\"\"><\/p><p>I&#8217;ve got married and opened a wholesale women&#8217;s fashion store.<\/p><p><img loading=\"lazy\" decoding=\"async\" class=\"alignnone wp-image-44188\" src=\"https:\/\/abelmicheletti.com\/wp-content\/uploads\/20250410_125829.jpg\" alt=\"\" width=\"214\" height=\"148\" title=\"\"> <img loading=\"lazy\" decoding=\"async\" class=\"alignnone wp-image-44186\" src=\"https:\/\/abelmicheletti.com\/wp-content\/uploads\/20250410_125821.jpg\" alt=\"\" width=\"214\" height=\"294\" title=\"\"> <img loading=\"lazy\" decoding=\"async\" class=\"alignnone wp-image-44184\" src=\"https:\/\/abelmicheletti.com\/wp-content\/uploads\/20250410_125811.jpg\" alt=\"\" width=\"208\" height=\"150\" title=\"\"><\/p><p>and continued my work as an advertising model for <strong>12 years.<\/strong><\/p><p><img loading=\"lazy\" decoding=\"async\" class=\"wp-image-44157 alignleft\" src=\"https:\/\/abelmicheletti.com\/wp-content\/uploads\/20250330_180344-rotated.jpg\" alt=\"\" width=\"190\" height=\"253\" title=\"\"> <img loading=\"lazy\" decoding=\"async\" class=\"wp-image-44155 alignright\" src=\"https:\/\/abelmicheletti.com\/wp-content\/uploads\/20250330_174805.jpg\" alt=\"\" width=\"184\" height=\"247\" title=\"\"><\/p><p><img loading=\"lazy\" decoding=\"async\" class=\"wp-image-44159 aligncenter\" src=\"https:\/\/abelmicheletti.com\/wp-content\/uploads\/20250331_193912-rotated.jpg\" alt=\"\" width=\"192\" height=\"256\" title=\"\"><\/p><p>One day, tired of the business, I&#8217;ve sold everything and went to live in London for almost a year.<\/p><p>I returned to Madrid, now divorced, and was appointed director of the <strong><em>Pr\u00edncipe Sports Wellness Center and Spa<\/em><\/strong> at 240 Serrano Street.<\/p><p><img loading=\"lazy\" decoding=\"async\" class=\"wp-image-44163 aligncenter\" src=\"https:\/\/abelmicheletti.com\/wp-content\/uploads\/20250410_125858.jpg\" alt=\"\" width=\"226\" height=\"211\" title=\"\"><\/p><p>During that period I remarried for the second time.<\/p><p><img loading=\"lazy\" decoding=\"async\" class=\"wp-image-48452 aligncenter\" src=\"https:\/\/abelmicheletti.com\/wp-content\/uploads\/IMG20260308171436-rotated.jpg\" alt=\"\" width=\"246\" height=\"138\" title=\"\"><\/p><p>In that magnificent place I was lucky enough to meet very important people, such as <strong>Prince Felipe,<\/strong> the current King of Spain.<\/p><p><img loading=\"lazy\" decoding=\"async\" class=\"alignnone size-full wp-image-48743 aligncenter\" src=\"https:\/\/abelmicheletti.com\/wp-content\/uploads\/IMG20260323122857.jpg\" alt=\"\" width=\"600\" height=\"337\" title=\"\"><\/p><p><img loading=\"lazy\" decoding=\"async\" class=\"wp-image-44165 aligncenter\" src=\"https:\/\/abelmicheletti.com\/wp-content\/uploads\/20250330_174706.jpg\" alt=\"\" width=\"239\" height=\"169\" title=\"\"><\/p><p>And to his family<\/p><p><img loading=\"lazy\" decoding=\"async\" class=\"alignnone size-full wp-image-44167\" src=\"https:\/\/abelmicheletti.com\/wp-content\/uploads\/20250330_175054.jpg\" alt=\"\" width=\"739\" height=\"318\" title=\"\"><\/p><p>and some of the famous TV personalities of that time (Bert\u00edn Osborne, Mat\u00edas Prats, Emilio Arag\u00f3n, etc., etc.) and from the world of football such as Valdano, Real Madrid midfielder Fernando Redondo, etc.<\/p><p><img loading=\"lazy\" decoding=\"async\" class=\"wp-image-48454 aligncenter\" src=\"https:\/\/abelmicheletti.com\/wp-content\/uploads\/IMG20260308171454.jpg\" alt=\"\" width=\"208\" height=\"370\" title=\"\"><\/p><p><em>And I got divorced again.<\/em><\/p><p><em>For the second time!<\/em><\/p><p>Around that time, along with two friends, Gonzalo de la Herr\u00e1n and Ricardo Reese, we founded the <strong>Madrid Padel Federation,<\/strong> and I was appointed its <strong><em>first International Padel Referee.<\/em><\/strong><\/p><p>For two years I organized tournaments all over Spain.<\/p><p>Back then, there wasn&#8217;t the money that there is today, 30 years later, which proves that sometimes being too early is just as bad as being too late.<\/p><p><img loading=\"lazy\" decoding=\"async\" class=\"wp-image-44176 aligncenter\" src=\"https:\/\/abelmicheletti.com\/wp-content\/uploads\/20250330_173953.jpg\" alt=\"\" width=\"239\" height=\"151\" title=\"\"><\/p><p>Tired of Madrid and wanting to escape my comfort zone, I went on a six-month spiritual retreat to a vast and beautiful estate where the nearest neighbor was 10 kilometers away. <strong><em>I lived there alone with my three mastiff companions.<\/em><\/strong><\/p><p>In exchange for my stay, I was tasked with showing the 500-hectare estate (half in the province of Toledo and the other half in Ciudad Real) to potential buyers sent to me by a real estate agent from Madrid. <em>(I got my first mobile phone around that time, a brick-sized Motorola.)<\/em><\/p><p><strong>That was my first experience in the real estate business<\/strong> and the beginning of my promising career in this field.<\/p><p>When my retreat, where I recharged my mind and body, was over, I moved to Altea, and there I began my career in real estate.<\/p><p>That was my start as a real estate agent.<\/p><p><strong>It was the end of 1995.<\/strong><\/p><p>In 1997, I had the opportunity to open a real estate office in <strong>Gij\u00f3n, Asturias,<\/strong> with a partner.<\/p><p><img loading=\"lazy\" decoding=\"async\" class=\"wp-image-48456 aligncenter\" src=\"https:\/\/abelmicheletti.com\/wp-content\/uploads\/IMG20260308171419-rotated.jpg\" alt=\"\" width=\"242\" height=\"136\" title=\"\" srcset=\"https:\/\/abelmicheletti.com\/wp-content\/uploads\/IMG20260308171419-rotated.jpg 895w, https:\/\/abelmicheletti.com\/wp-content\/uploads\/IMG20260308171419-768x432.jpg 768w\" sizes=\"(max-width: 242px) 100vw, 242px\" \/><\/p><p>And off we went, my car and I with my suitcases, <em>ready to start a new life.<\/em><\/p><p>But the weather felt dreary and gray, and after a year and a half, I returned to Altea, to the Mediterranean sun.<\/p><p><strong>In 2000, I opened an office in Puerto Campomanes with a partner, and in 2003, I opened the Mascarat office on my own.<\/strong><\/p><p><img loading=\"lazy\" decoding=\"async\" class=\"size-full wp-image-46061 aligncenter\" src=\"https:\/\/abelmicheletti.com\/wp-content\/uploads\/DSC_0011_edited.jpg\" alt=\"\" width=\"600\" height=\"398\" title=\"\"><\/p><p>In the meantime, in 2001 I met Cecilia with whom I had a relationship for many years.<\/p><p><img loading=\"lazy\" decoding=\"async\" class=\"wp-image-48462 aligncenter\" src=\"https:\/\/abelmicheletti.com\/wp-content\/uploads\/IMG20260304123614-rotated.jpg\" alt=\"\" width=\"239\" height=\"134\" title=\"\"><\/p><p>From 2000 to 2008 were wonderful years, until Lemmans Brothers went bankrupt in October 2008.<\/p><p>And everything went to hell.<\/p><p>Including my finances.<\/p><p>I was ruined.<\/p><p>That very same day, my friend Alfredo Bataller opened the <strong>SHA Wellness Center,<\/strong> and to recover and start over, I secluded myself there for four days (I was the first guest).<\/p><p>Back in reality and weathering the storm as best I could, in 2015 I partnered with a Russian associate and we opened two real estate offices: <strong>Elite Properties.<\/strong><\/p><p>One in the center of Altea and the other in Puerto Campomanes.<\/p><p><img loading=\"lazy\" decoding=\"async\" class=\"size-full wp-image-46063 aligncenter\" src=\"https:\/\/abelmicheletti.com\/wp-content\/uploads\/DSC_0410.jpg\" alt=\"\" width=\"600\" height=\"399\" title=\"\"> <img loading=\"lazy\" decoding=\"async\" class=\"size-full wp-image-46065 aligncenter\" src=\"https:\/\/abelmicheletti.com\/wp-content\/uploads\/Ofialtea048.jpg\" alt=\"\" width=\"600\" height=\"399\" title=\"\"><\/p><p>Things didn&#8217;t work out.<\/p><p>We separated in 2018.<\/p><p><em><img loading=\"lazy\" decoding=\"async\" class=\"wp-image-48190 aligncenter\" src=\"https:\/\/abelmicheletti.com\/wp-content\/uploads\/IMG20260210164130-1-rotated.jpg\" alt=\"\" width=\"226\" height=\"127\" title=\"\">Evidence and memories from my previous stages\u2026<\/em><\/p><p>\u00a0 \u00a0 \u00a0 \u00a0 \u00a0 \u00a0 \u00a0 \u00a0 \u00a0 \u00a0 \u00a0 \u00a0 \u00a0 \u00a0 \u00a0 \u00a0 \u00a0 \u00a0 \u00a0 \u00a0 \u00a0 \u00a0 \u00a0 \u00a0 \u00a0 +++++++++++++++++++++++++++<\/p><p><em>A year later, the 18-year relationship with Cecilia ended.<\/em><\/p><p>From then on, everything spiraled downwards, culminating in the lockdown in March 2020.<\/p><p>And everything changed drastically&#8230;<\/p>\t\t\t\t\t\t\t\t<\/div>\n\t\t\t\t<\/div>\n\t\t\t\t\t<\/div>\n\t\t<\/div>\n\t\t\t\t\t<\/div>\n\t\t<\/section>\n\t\t\t\t<section class=\"elementor-section elementor-top-section elementor-element elementor-element-9043ab1 elementor-reverse-mobile elementor-section-boxed elementor-section-height-default elementor-section-height-default\" data-id=\"9043ab1\" data-element_type=\"section\" data-e-type=\"section\" data-settings=\"{&quot;jet_parallax_layout_list&quot;:[]}\">\n\t\t\t\t\t\t<div class=\"elementor-container elementor-column-gap-no\">\n\t\t\t\t\t<div class=\"elementor-column elementor-col-50 elementor-top-column elementor-element elementor-element-50fb635\" data-id=\"50fb635\" data-element_type=\"column\" data-e-type=\"column\">\n\t\t\t<div class=\"elementor-widget-wrap elementor-element-populated\">\n\t\t\t\t\t\t<div class=\"elementor-element elementor-element-4341ace elementor-widget elementor-widget-heading\" data-id=\"4341ace\" data-element_type=\"widget\" data-e-type=\"widget\" data-widget_type=\"heading.default\">\n\t\t\t\t<div class=\"elementor-widget-container\">\n\t\t\t\t\t<h2 class=\"elementor-heading-title elementor-size-default\">Lockdown changed my life, like that of so many others...<\/h2>\t\t\t\t<\/div>\n\t\t\t\t<\/div>\n\t\t\t\t<div class=\"elementor-element elementor-element-c1b621c elementor-widget elementor-widget-text-editor\" data-id=\"c1b621c\" data-element_type=\"widget\" data-e-type=\"widget\" data-widget_type=\"text-editor.default\">\n\t\t\t\t<div class=\"elementor-widget-container\">\n\t\t\t\t\t\t\t\t\t<p>Lack of movement and spending long hours sitting in front of a computer finally destroyed my back.<\/p><p><em>Surgery or a wheelchair, three top specialists diagnosed me\u2026<\/em><\/p><p>Too much intense exercise throughout my life, combined with age, plus an economic crisis and a personal one, would have brought down an elephant\u2026 but not me.<\/p><p>I decided against surgery.<\/p><p>And right then, <strong>I discovered Stoicism.<\/strong><\/p><p><em><strong>By changing my attitude, EVERYTHING changed.<\/strong><\/em><\/p><p>Meditation, a very healthy diet and calorie reduction, plus a strict core strengthening plan\u2026<\/p><p>I completely changed my goals and my way of life!<\/p><p><strong>Now I&#8217;m a specialist in living well,<\/strong> helping others achieve their dreams, and practicing <strong>&#8220;Mediterranean Longevity.&#8221;<\/strong><\/p><p>And now, in 2026, it&#8217;s back to square one.<\/p><p><strong>Stronger than ever<\/strong> (mentally speaking) and with a wealth of experience under my belt, <strong><em>I hope to continue helping<\/em><\/strong> many people find what they&#8217;re looking for for many more years.<\/p><p>I&#8217;ve also become a firm believer in <em><strong>pro-aging,<\/strong><\/em> that is, <strong><em>&#8220;being the best you can be at your age.&#8221;<\/em><\/strong><\/p><p>I&#8217;ll see you in Altea.<\/p>\t\t\t\t\t\t\t\t<\/div>\n\t\t\t\t<\/div>\n\t\t\t\t\t<\/div>\n\t\t<\/div>\n\t\t\t\t<div class=\"elementor-column elementor-col-50 elementor-top-column elementor-element elementor-element-7a30b24\" data-id=\"7a30b24\" data-element_type=\"column\" data-e-type=\"column\">\n\t\t\t<div class=\"elementor-widget-wrap elementor-element-populated\">\n\t\t\t\t\t\t<div class=\"elementor-element elementor-element-819474d elementor-widget elementor-widget-image\" data-id=\"819474d\" data-element_type=\"widget\" data-e-type=\"widget\" data-widget_type=\"image.default\">\n\t\t\t\t<div class=\"elementor-widget-container\">\n\t\t\t\t\t\t\t\t\t\t\t\t\t\t\t<img decoding=\"async\" src=\"https:\/\/abelmicheletti.com\/wp-content\/uploads\/elementor\/thumbs\/GA_Charla_Escoicos-5-scaled-qhed607b5gdqmshjwq34s20xt2slw466o37b22k6u4.jpg\" title=\"GA_Charla_Escoicos-5\" alt=\"GA_Charla_Escoicos-5\" loading=\"lazy\" \/>\t\t\t\t\t\t\t\t\t\t\t\t\t\t\t<\/div>\n\t\t\t\t<\/div>\n\t\t\t\t<div class=\"elementor-element elementor-element-11d030e elementor-widget elementor-widget-image\" data-id=\"11d030e\" data-element_type=\"widget\" data-e-type=\"widget\" data-widget_type=\"image.default\">\n\t\t\t\t<div class=\"elementor-widget-container\">\n\t\t\t\t\t\t\t\t\t\t\t\t\t\t\t<img decoding=\"async\" src=\"https:\/\/abelmicheletti.com\/wp-content\/uploads\/elementor\/thumbs\/GA_Charla_Escoicos-1-qlgaxd1zosflv841hh2z9sj1axn5dmnqe1ydz80tvk.jpg\" title=\"GA_Charla_Escoicos-1\" alt=\"GA_Charla_Escoicos-1\" loading=\"lazy\" \/>\t\t\t\t\t\t\t\t\t\t\t\t\t\t\t<\/div>\n\t\t\t\t<\/div>\n\t\t\t\t\t<\/div>\n\t\t<\/div>\n\t\t\t\t\t<\/div>\n\t\t<\/section>\n\t\t\t\t<\/div>\n\t\t","protected":false},"excerpt":{"rendered":"<p>Story of several lives Abel &#8220;The Stoic&#8221; HISTORY OF THE IMMIGRANT FORGED IN FIRE Year 2026. Everything changes. The world is changing rapidly. And I, at 76, am changing too. I&#8217;ve managed to shed the old self that had taken root inside me and I&#8217;ve become young again (mentally speaking), and I&#8217;m starting a new [&hellip;]<\/p>\n","protected":false},"author":1,"featured_media":0,"parent":0,"menu_order":0,"comment_status":"closed","ping_status":"closed","template":"","meta":{"footnotes":""},"class_list":["post-34547","page","type-page","status-publish","hentry"],"_links":{"self":[{"href":"https:\/\/abelmicheletti.com\/en\/wp-json\/wp\/v2\/pages\/34547","targetHints":{"allow":["GET"]}}],"collection":[{"href":"https:\/\/abelmicheletti.com\/en\/wp-json\/wp\/v2\/pages"}],"about":[{"href":"https:\/\/abelmicheletti.com\/en\/wp-json\/wp\/v2\/types\/page"}],"author":[{"embeddable":true,"href":"https:\/\/abelmicheletti.com\/en\/wp-json\/wp\/v2\/users\/1"}],"replies":[{"embeddable":true,"href":"https:\/\/abelmicheletti.com\/en\/wp-json\/wp\/v2\/comments?post=34547"}],"version-history":[{"count":262,"href":"https:\/\/abelmicheletti.com\/en\/wp-json\/wp\/v2\/pages\/34547\/revisions"}],"predecessor-version":[{"id":48749,"href":"https:\/\/abelmicheletti.com\/en\/wp-json\/wp\/v2\/pages\/34547\/revisions\/48749"}],"wp:attachment":[{"href":"https:\/\/abelmicheletti.com\/en\/wp-json\/wp\/v2\/media?parent=34547"}],"curies":[{"name":"wp","href":"https:\/\/api.w.org\/{rel}","templated":true}]}}